{"id":148,"date":"2012-10-09T16:29:11","date_gmt":"2012-10-09T14:29:11","guid":{"rendered":"https:\/\/karate-eggmuehl.de\/?page_id=148"},"modified":"2026-01-24T10:16:10","modified_gmt":"2026-01-24T08:16:10","slug":"startseite","status":"publish","type":"page","link":"https:\/\/karate-eggmuehl.de\/","title":{"rendered":"Startseite"},"content":{"rendered":"<p>Herzlich willkommen auf der Internetseite der Karateabteilung des SV Eggm\u00fchl!<\/p>\n<p><strong>Aktuelle Beitr\u00e4ge:<\/strong><\/p>\n<ul class=\"lcp_catlist\" id=\"lcp_instance_0\"><li><a href=\"https:\/\/karate-eggmuehl.de\/?p=2432\">G\u00fcrtelpr\u00fcfung am 29.03.2026 im Dojo Eggm\u00fchl<\/a>  29. M\u00e4rz 2026<\/li><li><a href=\"https:\/\/karate-eggmuehl.de\/?p=2428\">Pressebericht zur Abteilungsversammlung 2026<\/a>  8. Februar 2026<\/li><li><a href=\"https:\/\/karate-eggmuehl.de\/?p=2384\">Kinder Weihnachtsfeier 2025 SV Eggm\u00fchl<\/a>  13. Dezember 2025<\/li><li><a href=\"https:\/\/karate-eggmuehl.de\/?p=2365\">Turnhallen\u00fcbernachtung 2025 f\u00fcr Kinder und Jugendliche<\/a>  26. Oktober 2025<\/li><li><a href=\"https:\/\/karate-eggmuehl.de\/?p=2343\">G\u00fcrtelpr\u00fcfung am 24.10.2025 im Dojo Eggm\u00fchl<\/a>  26. Oktober 2025<\/li><\/ul>\n<p><strong>Aktuelle Termine finden Sie \u00fcbrigens direkt im Kalender!<\/strong><\/p>\n<p>Vielen Dank f\u00fcr Ihren Besuch!<\/p>\n<p>Ihr Team von Karate Eggm\u00fchl<\/p>\n<p>&nbsp;<\/p>\n\n\n<p><\/p>\n","protected":false},"excerpt":{"rendered":"<p>Herzlich willkommen auf der Internetseite der Karateabteilung des SV Eggm\u00fchl! Aktuelle Beitr\u00e4ge: Aktuelle Termine finden Sie \u00fcbrigens direkt im Kalender! Vielen Dank f\u00fcr Ihren Besuch! Ihr Team von Karate Eggm\u00fchl &nbsp;<\/p>\n","protected":false},"author":1,"featured_media":0,"parent":0,"menu_order":0,"comment_status":"closed","ping_status":"open","template":"","meta":{"ngg_post_thumbnail":0,"footnotes":""},"class_list":["post-148","page","type-page","status-publish","hentry"],"_links":{"self":[{"href":"https:\/\/karate-eggmuehl.de\/index.php?rest_route=\/wp\/v2\/pages\/148","targetHints":{"allow":["GET"]}}],"collection":[{"href":"https:\/\/karate-eggmuehl.de\/index.php?rest_route=\/wp\/v2\/pages"}],"about":[{"href":"https:\/\/karate-eggmuehl.de\/index.php?rest_route=\/wp\/v2\/types\/page"}],"author":[{"embeddable":true,"href":"https:\/\/karate-eggmuehl.de\/index.php?rest_route=\/wp\/v2\/users\/1"}],"replies":[{"embeddable":true,"href":"https:\/\/karate-eggmuehl.de\/index.php?rest_route=%2Fwp%2Fv2%2Fcomments&post=148"}],"version-history":[{"count":7,"href":"https:\/\/karate-eggmuehl.de\/index.php?rest_route=\/wp\/v2\/pages\/148\/revisions"}],"predecessor-version":[{"id":2403,"href":"https:\/\/karate-eggmuehl.de\/index.php?rest_route=\/wp\/v2\/pages\/148\/revisions\/2403"}],"wp:attachment":[{"href":"https:\/\/karate-eggmuehl.de\/index.php?rest_route=%2Fwp%2Fv2%2Fmedia&parent=148"}],"curies":[{"name":"wp","href":"https:\/\/api.w.org\/{rel}","templated":true}]}}