{"id":4,"date":"2012-08-30T16:09:02","date_gmt":"2012-08-30T14:09:02","guid":{"rendered":"https:\/\/karate-eggmuehl.de\/wordpress\/?page_id=4"},"modified":"2025-10-26T11:53:37","modified_gmt":"2025-10-26T09:53:37","slug":"trainingszeiten","status":"publish","type":"page","link":"https:\/\/karate-eggmuehl.de\/?page_id=4","title":{"rendered":"Trainingszeiten"},"content":{"rendered":"<p><strong>Erwachsene (Anf\u00e4nger und Fortgeschrittene)<\/strong><\/p>\n<p>Montag, 18:45 &#8211; 20:15 Uhr, Sportheim Eggm\u00fchl (Regensburger Str.13)<br \/>\nDonnerstag, 19:00 &#8211; 20:30 Uhr, Sportheim Eggm\u00fchl oder Schulturnhalle Eggm\u00fchl<\/p>\n<p><strong>Kinder und Jugendliche (Anf\u00e4nger)<\/strong><\/p>\n<p>Freitag, 16:30 &#8211; 17:45 Uhr, Schulturnhalle Eggm\u00fchl<\/p>\n<p><strong>Kinder und Jugendliche (Fortgeschrittene)<\/strong><\/p>\n<p>Freitag, 17:45 &#8211; 19:00 Uhr, Schulturnhalle Eggm\u00fchl<\/p>\n<p><strong>W\u00e4hrend den Schulferien findet kein Training statt.<br \/>\nAusnahmen werden hier ver\u00f6ffentlicht.<\/strong><\/p>\n<p>&nbsp;<\/p>\n","protected":false},"excerpt":{"rendered":"<p>Erwachsene (Anf\u00e4nger und Fortgeschrittene) Montag, 18:45 &#8211; 20:15 Uhr, Sportheim Eggm\u00fchl (Regensburger Str.13) Donnerstag, 19:00 &#8211; 20:30 Uhr, Sportheim Eggm\u00fchl oder Schulturnhalle Eggm\u00fchl Kinder und Jugendliche (Anf\u00e4nger) Freitag, 16:30 &#8211; 17:45 Uhr, Schulturnhalle Eggm\u00fchl Kinder und Jugendliche (Fortgeschrittene) Freitag, 17:45 &hellip; <a href=\"https:\/\/karate-eggmuehl.de\/?page_id=4\">Weiterlesen <span class=\"meta-nav\">&rarr;<\/span><\/a><\/p>\n","protected":false},"author":1,"featured_media":0,"parent":0,"menu_order":0,"comment_status":"closed","ping_status":"open","template":"","meta":{"ngg_post_thumbnail":0,"footnotes":""},"class_list":["post-4","page","type-page","status-publish","hentry"],"_links":{"self":[{"href":"https:\/\/karate-eggmuehl.de\/index.php?rest_route=\/wp\/v2\/pages\/4","targetHints":{"allow":["GET"]}}],"collection":[{"href":"https:\/\/karate-eggmuehl.de\/index.php?rest_route=\/wp\/v2\/pages"}],"about":[{"href":"https:\/\/karate-eggmuehl.de\/index.php?rest_route=\/wp\/v2\/types\/page"}],"author":[{"embeddable":true,"href":"https:\/\/karate-eggmuehl.de\/index.php?rest_route=\/wp\/v2\/users\/1"}],"replies":[{"embeddable":true,"href":"https:\/\/karate-eggmuehl.de\/index.php?rest_route=%2Fwp%2Fv2%2Fcomments&post=4"}],"version-history":[{"count":8,"href":"https:\/\/karate-eggmuehl.de\/index.php?rest_route=\/wp\/v2\/pages\/4\/revisions"}],"predecessor-version":[{"id":2342,"href":"https:\/\/karate-eggmuehl.de\/index.php?rest_route=\/wp\/v2\/pages\/4\/revisions\/2342"}],"wp:attachment":[{"href":"https:\/\/karate-eggmuehl.de\/index.php?rest_route=%2Fwp%2Fv2%2Fmedia&parent=4"}],"curies":[{"name":"wp","href":"https:\/\/api.w.org\/{rel}","templated":true}]}}