{"id":667,"date":"2013-06-05T11:12:28","date_gmt":"2013-06-05T09:12:28","guid":{"rendered":"https:\/\/karate-eggmuehl.de\/?page_id=667"},"modified":"2023-06-03T20:59:58","modified_gmt":"2023-06-03T18:59:58","slug":"mitglied-werden","status":"publish","type":"page","link":"https:\/\/karate-eggmuehl.de\/?page_id=667","title":{"rendered":"Mitglied werden!"},"content":{"rendered":"\n<p>Wenn Sie sich zu einer Mitgliedschaft entschieden haben, ben\u00f6tigen wir bitte den vollst\u00e4ndig ausgef\u00fcllten und unterschriebenen <strong>Aufnahmeantrag<\/strong>, den Sie hier herunterladen und ausdrucken k\u00f6nnen:<\/p>\n\n\n\n<p><a rel=\"noreferrer noopener\" href=\"https:\/\/www.sv-eggm\u00fchl.de\/sites\/default\/files\/downloads\/mitgliedsantrag.pdf\" target=\"_blank\">https:\/\/www.sv-eggm\u00fchl.de\/sites\/default\/files\/downloads\/mitgliedsantrag.pdf<\/a><\/p>\n\n\n\n<p><strong>Vielen Dank, dass Sie uns mit Ihrem Beitrag unterst\u00fctzen!<\/strong><\/p>\n\n\n\n<p><a href=\"https:\/\/www.xn--sv-eggmhl-w9a.de\/sites\/default\/files\/downloads\/beitragsordnung.pdf\">https:\/\/www.xn--sv-eggmhl-w9a.de\/sites\/default\/files\/downloads\/beitragsordnung.pdf<\/a><\/p>\n","protected":false},"excerpt":{"rendered":"<p>Wenn Sie sich zu einer Mitgliedschaft entschieden haben, ben\u00f6tigen wir bitte den vollst\u00e4ndig ausgef\u00fcllten und unterschriebenen Aufnahmeantrag, den Sie hier herunterladen und ausdrucken k\u00f6nnen: https:\/\/www.sv-eggm\u00fchl.de\/sites\/default\/files\/downloads\/mitgliedsantrag.pdf Vielen Dank, dass Sie uns mit Ihrem Beitrag unterst\u00fctzen! https:\/\/www.xn--sv-eggmhl-w9a.de\/sites\/default\/files\/downloads\/beitragsordnung.pdf<\/p>\n","protected":false},"author":2,"featured_media":0,"parent":0,"menu_order":0,"comment_status":"closed","ping_status":"open","template":"","meta":{"ngg_post_thumbnail":0,"footnotes":""},"class_list":["post-667","page","type-page","status-publish","hentry"],"_links":{"self":[{"href":"https:\/\/karate-eggmuehl.de\/index.php?rest_route=\/wp\/v2\/pages\/667","targetHints":{"allow":["GET"]}}],"collection":[{"href":"https:\/\/karate-eggmuehl.de\/index.php?rest_route=\/wp\/v2\/pages"}],"about":[{"href":"https:\/\/karate-eggmuehl.de\/index.php?rest_route=\/wp\/v2\/types\/page"}],"author":[{"embeddable":true,"href":"https:\/\/karate-eggmuehl.de\/index.php?rest_route=\/wp\/v2\/users\/2"}],"replies":[{"embeddable":true,"href":"https:\/\/karate-eggmuehl.de\/index.php?rest_route=%2Fwp%2Fv2%2Fcomments&post=667"}],"version-history":[{"count":9,"href":"https:\/\/karate-eggmuehl.de\/index.php?rest_route=\/wp\/v2\/pages\/667\/revisions"}],"predecessor-version":[{"id":2071,"href":"https:\/\/karate-eggmuehl.de\/index.php?rest_route=\/wp\/v2\/pages\/667\/revisions\/2071"}],"wp:attachment":[{"href":"https:\/\/karate-eggmuehl.de\/index.php?rest_route=%2Fwp%2Fv2%2Fmedia&parent=667"}],"curies":[{"name":"wp","href":"https:\/\/api.w.org\/{rel}","templated":true}]}}